{"id":2331,"date":"2021-04-25T14:37:10","date_gmt":"2021-04-25T14:37:10","guid":{"rendered":"https:\/\/umihausservice.eu\/?page_id=2331"},"modified":"2022-03-31T23:56:59","modified_gmt":"2022-03-31T23:56:59","slug":"impressum","status":"publish","type":"page","link":"https:\/\/umihausservice.eu\/de\/impressum\/","title":{"rendered":"Impressum"},"content":{"rendered":"\t\t<div data-elementor-type=\"wp-page\" data-elementor-id=\"2331\" class=\"elementor elementor-2331\" data-elementor-post-type=\"page\">\n\t\t\t\t\t\t<section class=\"elementor-section elementor-top-section elementor-element elementor-element-1a57feec elementor-section-boxed elementor-section-height-default elementor-section-height-default jltma-glass-effect-no\" data-id=\"1a57feec\" data-element_type=\"section\" data-e-type=\"section\">\n\t\t\t\t\t\t<div class=\"elementor-container elementor-column-gap-default\">\n\t\t\t\t\t<div class=\"elementor-column elementor-col-100 elementor-top-column elementor-element elementor-element-20525b7d jltma-glass-effect-no\" data-id=\"20525b7d\" data-element_type=\"column\" data-e-type=\"column\">\n\t\t\t<div class=\"elementor-widget-wrap elementor-element-populated\">\n\t\t\t\t\t\t<div class=\"elementor-element elementor-element-c2e2a30 jltma-glass-effect-no elementor-widget elementor-widget-image\" data-id=\"c2e2a30\" data-element_type=\"widget\" data-e-type=\"widget\" data-widget_type=\"image.default\">\n\t\t\t\t<div class=\"elementor-widget-container\">\n\t\t\t\t\t\t\t\t\t\t\t\t\t\t\t<img decoding=\"async\" src=\"https:\/\/umihausservice.eu\/wp-content\/uploads\/4218498_m.jpg\" title=\"4218498_m\" alt=\"4218498_m\" loading=\"lazy\" \/>\t\t\t\t\t\t\t\t\t\t\t\t\t\t\t<\/div>\n\t\t\t\t<\/div>\n\t\t\t\t\t<\/div>\n\t\t<\/div>\n\t\t\t\t\t<\/div>\n\t\t<\/section>\n\t\t\t\t<section class=\"elementor-section elementor-top-section elementor-element elementor-element-4dca270 elementor-section-boxed elementor-section-height-default elementor-section-height-default jltma-glass-effect-no\" data-id=\"4dca270\" data-element_type=\"section\" data-e-type=\"section\">\n\t\t\t\t\t\t<div class=\"elementor-container elementor-column-gap-default\">\n\t\t\t\t\t<div class=\"elementor-column elementor-col-100 elementor-top-column elementor-element elementor-element-b0a7cbb jltma-glass-effect-no\" data-id=\"b0a7cbb\" data-element_type=\"column\" data-e-type=\"column\">\n\t\t\t<div class=\"elementor-widget-wrap elementor-element-populated\">\n\t\t\t\t\t\t<div class=\"elementor-element elementor-element-dcca884 jltma-glass-effect-no elementor-invisible elementor-widget elementor-widget-text-editor\" data-id=\"dcca884\" data-element_type=\"widget\" data-e-type=\"widget\" data-settings=\"{&quot;_animation&quot;:&quot;fadeIn&quot;}\" data-widget_type=\"text-editor.default\">\n\t\t\t\t<div class=\"elementor-widget-container\">\n\t\t\t\t\t\t\t\t\t<p><strong><span style=\"font-size: 24pt;\">Impressum<\/span><\/strong><\/p>\t\t\t\t\t\t\t\t<\/div>\n\t\t\t\t<\/div>\n\t\t\t\t\t<\/div>\n\t\t<\/div>\n\t\t\t\t\t<\/div>\n\t\t<\/section>\n\t\t\t\t<section class=\"elementor-section elementor-top-section elementor-element elementor-element-e3a6491 elementor-section-boxed elementor-section-height-default elementor-section-height-default jltma-glass-effect-no\" data-id=\"e3a6491\" data-element_type=\"section\" data-e-type=\"section\">\n\t\t\t\t\t\t\t<div class=\"elementor-background-overlay\"><\/div>\n\t\t\t\t\t\t\t<div class=\"elementor-container elementor-column-gap-default\">\n\t\t\t\t\t<div class=\"elementor-column elementor-col-100 elementor-top-column elementor-element elementor-element-c92b45e jltma-glass-effect-no\" data-id=\"c92b45e\" data-element_type=\"column\" data-e-type=\"column\">\n\t\t\t<div class=\"elementor-widget-wrap elementor-element-populated\">\n\t\t\t\t\t\t<div class=\"elementor-element elementor-element-c6a4955 jltma-glass-effect-no elementor-widget elementor-widget-text-editor\" data-id=\"c6a4955\" data-element_type=\"widget\" data-e-type=\"widget\" data-widget_type=\"text-editor.default\">\n\t\t\t\t<div class=\"elementor-widget-container\">\n\t\t\t\t\t\t\t\t\t<p><span style=\"font-size: 14pt;\"><strong>Angaben gem\u00e4\u00df \u00a7 5 TMG:<\/strong><\/span><\/p><p><span style=\"font-size: 18pt; color: #3366ff;\"><strong>Umi Haus Service<\/strong><\/span><\/p><p><strong>Inhaberin<\/strong>: Kana Nishimoto<\/p><p>Friedrich-Ebert-Str. 16\u3000D-40210 D\u00fcsseldorf<\/p><p><strong>Tel<\/strong>: +49-(0) 173 7595363<br \/><strong>E-Mail<\/strong>: <a href=\"mailto:info@umihausservice.eu\">info@umihausservice.eu<\/a><\/p><p><strong>Umsatzsteuer-Identifikationsnummer<\/strong>: DE335260822<\/p>\t\t\t\t\t\t\t\t<\/div>\n\t\t\t\t<\/div>\n\t\t\t\t<div class=\"elementor-element elementor-element-b3a79fb jltma-glass-effect-no elementor-widget elementor-widget-text-editor\" data-id=\"b3a79fb\" data-element_type=\"widget\" data-e-type=\"widget\" data-widget_type=\"text-editor.default\">\n\t\t\t\t<div class=\"elementor-widget-container\">\n\t\t\t\t\t\t\t\t\t<p style=\"font-size: 15px; font-style: normal; font-weight: 400;\"><strong>Zust\u00e4ndige Aufsichtsbeh\u00f6rde<\/strong>:<\/p><p style=\"font-size: 15px; font-style: normal; font-weight: 400;\">Ordnungsamt der Stadt D\u00fcsseldorf<br \/>Worringer Str. 111\u300040210 D\u00fcsseldorf<br \/><strong>Telefon<\/strong>: 0211 89 91<\/p><p style=\"font-size: 15px; font-style: normal; font-weight: 400;\">\u00a0<\/p><p style=\"font-size: 15px; font-style: normal; font-weight: 400;\"><strong>Erlaubnis nach \u00a7 34c der Gewerbeordnung durch das Ordnungsamt der Landeshauptstadt D\u00fcsseldorf<\/strong><\/p><p style=\"font-size: 15px; font-style: normal; font-weight: 400;\">\u00a0<\/p><p style=\"font-size: 15px; font-style: normal; font-weight: 400;\"><strong>Berufs-\/Betriebshaftpflichtversicherung bei der<\/strong>:<br \/>Provinzial Rheinland Versicherung, D\u00fcsseldorf<\/p>\t\t\t\t\t\t\t\t<\/div>\n\t\t\t\t<\/div>\n\t\t\t\t<div class=\"elementor-element elementor-element-c2dc8db jltma-glass-effect-no elementor-widget elementor-widget-text-editor\" data-id=\"c2dc8db\" data-element_type=\"widget\" data-e-type=\"widget\" data-widget_type=\"text-editor.default\">\n\t\t\t\t<div class=\"elementor-widget-container\">\n\t\t\t\t\t\t\t\t\t<p style=\"font-size: 15px; font-style: normal; font-weight: 400;\"><span style=\"font-weight: bolder;\">Verantwortliche f\u00fcr den Inhalt:<\/span><\/p><p style=\"font-size: 15px; font-style: normal; font-weight: 400;\">Kana Nishimoto<\/p><p style=\"font-size: 15px; font-style: normal; font-weight: 400;\">Friedrich-Ebert-Str. 16\u3000D-40210 D\u00fcsseldorf<\/p><p style=\"font-size: 15px; font-style: normal; font-weight: 400;\"><strong>Tel<\/strong>: +49-(0) 173 7595363<br \/><strong>E-Mail<\/strong>:\u00a0<a href=\"mailto:info@umihausservice.eu\">info@umihausservice.eu<\/a><\/p><p style=\"font-size: 15px; font-style: normal; font-weight: 400;\">\u00a0<\/p><p style=\"font-size: 15px; font-style: normal; font-weight: 400;\"><span style=\"font-weight: bolder;\">Hinweis auf Online-Streitbeilegung<\/span><\/p><p style=\"font-size: 15px; font-style: normal; font-weight: 400;\">Die Europ\u00e4ische Kommission stellt eine Plattform f\u00fcr die au\u00dfergerichtliche Online-Streitbeilegung (OS-Plattform) bereit, die unter folgendem Link abrufbar ist:\u00a0<a style=\"color: #3a3a3a; outline: 0px;\" href=\"https:\/\/webgate.ec.europa.eu\/odr\/\">https:\/\/webgate.ec.europa.eu\/odr\/<\/a>.<\/p><p style=\"font-size: 15px; font-style: normal; font-weight: 400;\">\u00a0<\/p><p style=\"font-size: 15px; font-style: normal; font-weight: 400;\"><span style=\"font-weight: bolder;\">Hinweis auf die Verbraucherstreitbeilegung<\/span><\/p><p style=\"font-size: 15px; font-style: normal; font-weight: 400;\">Wir sind nicht bereit und nicht verpflichtet, an Streitbeilegungsverfahren vor einer Verbraucherschlichtungsstelle nach dem Verbraucherstreitbeilegungsgesetz (VSBG) teilzunehmen.<\/p>\t\t\t\t\t\t\t\t<\/div>\n\t\t\t\t<\/div>\n\t\t\t\t\t<\/div>\n\t\t<\/div>\n\t\t\t\t\t<\/div>\n\t\t<\/section>\n\t\t\t\t<\/div>\n\t\t","protected":false},"excerpt":{"rendered":"<p>Impressum Angaben gem\u00e4\u00df \u00a7 5 TMG: Umi Haus Service Inhaberin: Kana Nishimoto Friedrich-Ebert-Str. 16\u3000D-40210 D\u00fcsseldorf Tel: +49-(0) 173 7595363E-Mail: info@umihausservice.eu Umsatzsteuer-Identifikationsnummer: DE335260822 Zust\u00e4ndige Aufsichtsbeh\u00f6rde: Ordnungsamt der Stadt D\u00fcsseldorfWorringer Str. 111\u300040210 [&hellip;]<\/p>\n","protected":false},"author":2,"featured_media":0,"parent":0,"menu_order":0,"comment_status":"closed","ping_status":"closed","template":"","meta":{"site-sidebar-layout":"no-sidebar","site-content-layout":"page-builder","ast-site-content-layout":"default","site-content-style":"default","site-sidebar-style":"default","ast-global-header-display":"","ast-banner-title-visibility":"","ast-main-header-display":"","ast-hfb-above-header-display":"","ast-hfb-below-header-display":"","ast-hfb-mobile-header-display":"","site-post-title":"disabled","ast-breadcrumbs-content":"","ast-featured-img":"disabled","footer-sml-layout":"","ast-disable-related-posts":"","theme-transparent-header-meta":"default","adv-header-id-meta":"","stick-header-meta":"","header-above-stick-meta":"","header-main-stick-meta":"","header-below-stick-meta":"","astra-migrate-meta-layouts":"default","ast-page-background-enabled":"default","ast-page-background-meta":{"desktop":{"background-color":"","background-image":"","background-repeat":"repeat","background-position":"center center","background-size":"auto","background-attachment":"scroll","background-type":"","background-media":"","overlay-type":"","overlay-color":"","overlay-opacity":"","overlay-gradient":""},"tablet":{"background-color":"","background-image":"","background-repeat":"repeat","background-position":"center center","background-size":"auto","background-attachment":"scroll","background-type":"","background-media":"","overlay-type":"","overlay-color":"","overlay-opacity":"","overlay-gradient":""},"mobile":{"background-color":"","background-image":"","background-repeat":"repeat","background-position":"center center","background-size":"auto","background-attachment":"scroll","background-type":"","background-media":"","overlay-type":"","overlay-color":"","overlay-opacity":"","overlay-gradient":""}},"ast-content-background-meta":{"desktop":{"background-color":"var(--ast-global-color-5)","background-image":"","background-repeat":"repeat","background-position":"center center","background-size":"auto","background-attachment":"scroll","background-type":"","background-media":"","overlay-type":"","overlay-color":"","overlay-opacity":"","overlay-gradient":""},"tablet":{"background-color":"var(--ast-global-color-5)","background-image":"","background-repeat":"repeat","background-position":"center center","background-size":"auto","background-attachment":"scroll","background-type":"","background-media":"","overlay-type":"","overlay-color":"","overlay-opacity":"","overlay-gradient":""},"mobile":{"background-color":"var(--ast-global-color-5)","background-image":"","background-repeat":"repeat","background-position":"center center","background-size":"auto","background-attachment":"scroll","background-type":"","background-media":"","overlay-type":"","overlay-color":"","overlay-opacity":"","overlay-gradient":""}},"_locale":"de_DE","_original_post":"https:\/\/umihausservice.eu\/?page_id=574","footnotes":""},"class_list":["post-2331","page","type-page","status-publish","hentry","de-DE"],"yoast_head":"<!-- This site is optimized with the Yoast SEO plugin v27.5 - https:\/\/yoast.com\/product\/yoast-seo-wordpress\/ -->\n<title>Impressum - Umi Haus Service<\/title>\n<meta name=\"description\" content=\"\u30c9\u30a4\u30c4\u30fb\u30c7\u30e5\u30c3\u30bb\u30eb\u30c9\u30eb\u30d5\u306e\u4e0d\u52d5\u7523\u30fb\u30cf\u30a6\u30b9\u30af\u30ea\u30fc\u30cb\u30f3\u30b0\u30fb\u751f\u6d3b\u5168\u822c\u30b5\u30fc\u30d3\u30b9\u3002\u304a\u90e8\u5c4b\u63a2\u3057\u304b\u3089\u304a\u90e8\u5c4b\u306e\u5b9a\u671f\u304a\u6383\u9664\u3001\u305d\u3057\u3066\u5e30\u56fd\u6642\u306e\u30ea\u30ce\u30d9\u30fc\u30b7\u30e7\u30f3\u30fb\u30ec\u30ce\u30d9\u30fc\u30b7\u30e7\u30f3\u30fb\u30cf\u30a6\u30b9\u30af\u30ea\u30fc\u30cb\u30f3\u30b0\u307e\u3067\uff01\u65e5\u672c\u4eba\u30b9\u30bf\u30c3\u30d5\u306b\u3088\u308b\u65e5\u672c\u306e\u30b5\u30fc\u30d3\u30b9\u3092\u304a\u5c4a\u3051\u3044\u305f\u3057\u307e\u3059\u3002\u304a\u898b\u7a4d\u308a\u30fb\u5185\u89a7\u304b\u3089\u3054\u6210\u7d04\u307e\u3067\u5168\u3066\u65e5\u672c\u8a9e\u3067\u5bfe\u5fdc\u53ef\u80fd\u3067\u3059\uff01\" \/>\n<meta name=\"robots\" content=\"noindex, follow\" \/>\n<meta property=\"og:locale\" content=\"de_DE\" \/>\n<meta property=\"og:type\" content=\"article\" \/>\n<meta property=\"og:title\" content=\"Impressum - Umi Haus Service\" \/>\n<meta property=\"og:description\" content=\"\u30c9\u30a4\u30c4\u30fb\u30c7\u30e5\u30c3\u30bb\u30eb\u30c9\u30eb\u30d5\u306e\u4e0d\u52d5\u7523\u30fb\u30cf\u30a6\u30b9\u30af\u30ea\u30fc\u30cb\u30f3\u30b0\u30fb\u751f\u6d3b\u5168\u822c\u30b5\u30fc\u30d3\u30b9\u3002\u304a\u90e8\u5c4b\u63a2\u3057\u304b\u3089\u304a\u90e8\u5c4b\u306e\u5b9a\u671f\u304a\u6383\u9664\u3001\u305d\u3057\u3066\u5e30\u56fd\u6642\u306e\u30ea\u30ce\u30d9\u30fc\u30b7\u30e7\u30f3\u30fb\u30ec\u30ce\u30d9\u30fc\u30b7\u30e7\u30f3\u30fb\u30cf\u30a6\u30b9\u30af\u30ea\u30fc\u30cb\u30f3\u30b0\u307e\u3067\uff01\u65e5\u672c\u4eba\u30b9\u30bf\u30c3\u30d5\u306b\u3088\u308b\u65e5\u672c\u306e\u30b5\u30fc\u30d3\u30b9\u3092\u304a\u5c4a\u3051\u3044\u305f\u3057\u307e\u3059\u3002\u304a\u898b\u7a4d\u308a\u30fb\u5185\u89a7\u304b\u3089\u3054\u6210\u7d04\u307e\u3067\u5168\u3066\u65e5\u672c\u8a9e\u3067\u5bfe\u5fdc\u53ef\u80fd\u3067\u3059\uff01\" \/>\n<meta property=\"og:url\" content=\"https:\/\/umihausservice.eu\/de\/impressum\/\" \/>\n<meta property=\"og:site_name\" content=\"Umi Haus Service\" \/>\n<meta property=\"article:modified_time\" content=\"2022-03-31T23:56:59+00:00\" \/>\n<meta property=\"og:image\" content=\"https:\/\/umihausservice.eu\/wp-content\/uploads\/4218498_m.jpg\" \/>\n<meta name=\"twitter:card\" content=\"summary_large_image\" \/>\n<meta name=\"twitter:label1\" content=\"Gesch\u00e4tzte Lesezeit\" \/>\n\t<meta name=\"twitter:data1\" content=\"3\u00a0Minuten\" \/>\n<script type=\"application\/ld+json\" class=\"yoast-schema-graph\">{\"@context\":\"https:\\\/\\\/schema.org\",\"@graph\":[{\"@type\":\"WebPage\",\"@id\":\"https:\\\/\\\/umihausservice.eu\\\/de\\\/impressum\\\/\",\"url\":\"https:\\\/\\\/umihausservice.eu\\\/de\\\/impressum\\\/\",\"name\":\"Impressum - Umi Haus Service\",\"isPartOf\":{\"@id\":\"https:\\\/\\\/umihausservice.eu\\\/#website\"},\"primaryImageOfPage\":{\"@id\":\"https:\\\/\\\/umihausservice.eu\\\/de\\\/impressum\\\/#primaryimage\"},\"image\":{\"@id\":\"https:\\\/\\\/umihausservice.eu\\\/de\\\/impressum\\\/#primaryimage\"},\"thumbnailUrl\":\"https:\\\/\\\/umihausservice.eu\\\/wp-content\\\/uploads\\\/4218498_m.jpg\",\"datePublished\":\"2021-04-25T14:37:10+00:00\",\"dateModified\":\"2022-03-31T23:56:59+00:00\",\"description\":\"\u30c9\u30a4\u30c4\u30fb\u30c7\u30e5\u30c3\u30bb\u30eb\u30c9\u30eb\u30d5\u306e\u4e0d\u52d5\u7523\u30fb\u30cf\u30a6\u30b9\u30af\u30ea\u30fc\u30cb\u30f3\u30b0\u30fb\u751f\u6d3b\u5168\u822c\u30b5\u30fc\u30d3\u30b9\u3002\u304a\u90e8\u5c4b\u63a2\u3057\u304b\u3089\u304a\u90e8\u5c4b\u306e\u5b9a\u671f\u304a\u6383\u9664\u3001\u305d\u3057\u3066\u5e30\u56fd\u6642\u306e\u30ea\u30ce\u30d9\u30fc\u30b7\u30e7\u30f3\u30fb\u30ec\u30ce\u30d9\u30fc\u30b7\u30e7\u30f3\u30fb\u30cf\u30a6\u30b9\u30af\u30ea\u30fc\u30cb\u30f3\u30b0\u307e\u3067\uff01\u65e5\u672c\u4eba\u30b9\u30bf\u30c3\u30d5\u306b\u3088\u308b\u65e5\u672c\u306e\u30b5\u30fc\u30d3\u30b9\u3092\u304a\u5c4a\u3051\u3044\u305f\u3057\u307e\u3059\u3002\u304a\u898b\u7a4d\u308a\u30fb\u5185\u89a7\u304b\u3089\u3054\u6210\u7d04\u307e\u3067\u5168\u3066\u65e5\u672c\u8a9e\u3067\u5bfe\u5fdc\u53ef\u80fd\u3067\u3059\uff01\",\"breadcrumb\":{\"@id\":\"https:\\\/\\\/umihausservice.eu\\\/de\\\/impressum\\\/#breadcrumb\"},\"inLanguage\":\"de\",\"potentialAction\":[{\"@type\":\"ReadAction\",\"target\":[\"https:\\\/\\\/umihausservice.eu\\\/de\\\/impressum\\\/\"]}]},{\"@type\":\"ImageObject\",\"inLanguage\":\"de\",\"@id\":\"https:\\\/\\\/umihausservice.eu\\\/de\\\/impressum\\\/#primaryimage\",\"url\":\"https:\\\/\\\/umihausservice.eu\\\/wp-content\\\/uploads\\\/4218498_m.jpg\",\"contentUrl\":\"https:\\\/\\\/umihausservice.eu\\\/wp-content\\\/uploads\\\/4218498_m.jpg\",\"width\":1200,\"height\":801},{\"@type\":\"BreadcrumbList\",\"@id\":\"https:\\\/\\\/umihausservice.eu\\\/de\\\/impressum\\\/#breadcrumb\",\"itemListElement\":[{\"@type\":\"ListItem\",\"position\":1,\"name\":\"\u30db\u30fc\u30e0\",\"item\":\"https:\\\/\\\/umihausservice.eu\\\/de\\\/\"},{\"@type\":\"ListItem\",\"position\":2,\"name\":\"Impressum\"}]},{\"@type\":\"WebSite\",\"@id\":\"https:\\\/\\\/umihausservice.eu\\\/#website\",\"url\":\"https:\\\/\\\/umihausservice.eu\\\/\",\"name\":\"Umi Haus Service\",\"description\":\"\u30c7\u30e5\u30c3\u30bb\u30eb\u30c9\u30eb\u30d5\u3067\u304a\u90e8\u5c4b\u63a2\u3057\",\"publisher\":{\"@id\":\"https:\\\/\\\/umihausservice.eu\\\/#organization\"},\"potentialAction\":[{\"@type\":\"SearchAction\",\"target\":{\"@type\":\"EntryPoint\",\"urlTemplate\":\"https:\\\/\\\/umihausservice.eu\\\/?s={search_term_string}\"},\"query-input\":{\"@type\":\"PropertyValueSpecification\",\"valueRequired\":true,\"valueName\":\"search_term_string\"}}],\"inLanguage\":\"de\"},{\"@type\":\"Organization\",\"@id\":\"https:\\\/\\\/umihausservice.eu\\\/#organization\",\"name\":\"UmiHausService\",\"url\":\"https:\\\/\\\/umihausservice.eu\\\/\",\"logo\":{\"@type\":\"ImageObject\",\"inLanguage\":\"de\",\"@id\":\"https:\\\/\\\/umihausservice.eu\\\/#\\\/schema\\\/logo\\\/image\\\/\",\"url\":\"https:\\\/\\\/umihausservice.eu\\\/wp-content\\\/uploads\\\/\u4e0d\u52d5\u7523\u30ed\u30b4_\u8272\u306a\u3057_\u900f\u904e\u6e08_\u67a0\u72ed-3.png\",\"contentUrl\":\"https:\\\/\\\/umihausservice.eu\\\/wp-content\\\/uploads\\\/\u4e0d\u52d5\u7523\u30ed\u30b4_\u8272\u306a\u3057_\u900f\u904e\u6e08_\u67a0\u72ed-3.png\",\"width\":1077,\"height\":1000,\"caption\":\"UmiHausService\"},\"image\":{\"@id\":\"https:\\\/\\\/umihausservice.eu\\\/#\\\/schema\\\/logo\\\/image\\\/\"}}]}<\/script>\n<!-- \/ Yoast SEO plugin. -->","yoast_head_json":{"title":"Impressum - Umi Haus Service","description":"\u30c9\u30a4\u30c4\u30fb\u30c7\u30e5\u30c3\u30bb\u30eb\u30c9\u30eb\u30d5\u306e\u4e0d\u52d5\u7523\u30fb\u30cf\u30a6\u30b9\u30af\u30ea\u30fc\u30cb\u30f3\u30b0\u30fb\u751f\u6d3b\u5168\u822c\u30b5\u30fc\u30d3\u30b9\u3002\u304a\u90e8\u5c4b\u63a2\u3057\u304b\u3089\u304a\u90e8\u5c4b\u306e\u5b9a\u671f\u304a\u6383\u9664\u3001\u305d\u3057\u3066\u5e30\u56fd\u6642\u306e\u30ea\u30ce\u30d9\u30fc\u30b7\u30e7\u30f3\u30fb\u30ec\u30ce\u30d9\u30fc\u30b7\u30e7\u30f3\u30fb\u30cf\u30a6\u30b9\u30af\u30ea\u30fc\u30cb\u30f3\u30b0\u307e\u3067\uff01\u65e5\u672c\u4eba\u30b9\u30bf\u30c3\u30d5\u306b\u3088\u308b\u65e5\u672c\u306e\u30b5\u30fc\u30d3\u30b9\u3092\u304a\u5c4a\u3051\u3044\u305f\u3057\u307e\u3059\u3002\u304a\u898b\u7a4d\u308a\u30fb\u5185\u89a7\u304b\u3089\u3054\u6210\u7d04\u307e\u3067\u5168\u3066\u65e5\u672c\u8a9e\u3067\u5bfe\u5fdc\u53ef\u80fd\u3067\u3059\uff01","robots":{"index":"noindex","follow":"follow"},"og_locale":"de_DE","og_type":"article","og_title":"Impressum - Umi Haus Service","og_description":"\u30c9\u30a4\u30c4\u30fb\u30c7\u30e5\u30c3\u30bb\u30eb\u30c9\u30eb\u30d5\u306e\u4e0d\u52d5\u7523\u30fb\u30cf\u30a6\u30b9\u30af\u30ea\u30fc\u30cb\u30f3\u30b0\u30fb\u751f\u6d3b\u5168\u822c\u30b5\u30fc\u30d3\u30b9\u3002\u304a\u90e8\u5c4b\u63a2\u3057\u304b\u3089\u304a\u90e8\u5c4b\u306e\u5b9a\u671f\u304a\u6383\u9664\u3001\u305d\u3057\u3066\u5e30\u56fd\u6642\u306e\u30ea\u30ce\u30d9\u30fc\u30b7\u30e7\u30f3\u30fb\u30ec\u30ce\u30d9\u30fc\u30b7\u30e7\u30f3\u30fb\u30cf\u30a6\u30b9\u30af\u30ea\u30fc\u30cb\u30f3\u30b0\u307e\u3067\uff01\u65e5\u672c\u4eba\u30b9\u30bf\u30c3\u30d5\u306b\u3088\u308b\u65e5\u672c\u306e\u30b5\u30fc\u30d3\u30b9\u3092\u304a\u5c4a\u3051\u3044\u305f\u3057\u307e\u3059\u3002\u304a\u898b\u7a4d\u308a\u30fb\u5185\u89a7\u304b\u3089\u3054\u6210\u7d04\u307e\u3067\u5168\u3066\u65e5\u672c\u8a9e\u3067\u5bfe\u5fdc\u53ef\u80fd\u3067\u3059\uff01","og_url":"https:\/\/umihausservice.eu\/de\/impressum\/","og_site_name":"Umi Haus Service","article_modified_time":"2022-03-31T23:56:59+00:00","og_image":[{"url":"https:\/\/umihausservice.eu\/wp-content\/uploads\/4218498_m.jpg","type":"","width":"","height":""}],"twitter_card":"summary_large_image","twitter_misc":{"Gesch\u00e4tzte Lesezeit":"3\u00a0Minuten"},"schema":{"@context":"https:\/\/schema.org","@graph":[{"@type":"WebPage","@id":"https:\/\/umihausservice.eu\/de\/impressum\/","url":"https:\/\/umihausservice.eu\/de\/impressum\/","name":"Impressum - Umi Haus Service","isPartOf":{"@id":"https:\/\/umihausservice.eu\/#website"},"primaryImageOfPage":{"@id":"https:\/\/umihausservice.eu\/de\/impressum\/#primaryimage"},"image":{"@id":"https:\/\/umihausservice.eu\/de\/impressum\/#primaryimage"},"thumbnailUrl":"https:\/\/umihausservice.eu\/wp-content\/uploads\/4218498_m.jpg","datePublished":"2021-04-25T14:37:10+00:00","dateModified":"2022-03-31T23:56:59+00:00","description":"\u30c9\u30a4\u30c4\u30fb\u30c7\u30e5\u30c3\u30bb\u30eb\u30c9\u30eb\u30d5\u306e\u4e0d\u52d5\u7523\u30fb\u30cf\u30a6\u30b9\u30af\u30ea\u30fc\u30cb\u30f3\u30b0\u30fb\u751f\u6d3b\u5168\u822c\u30b5\u30fc\u30d3\u30b9\u3002\u304a\u90e8\u5c4b\u63a2\u3057\u304b\u3089\u304a\u90e8\u5c4b\u306e\u5b9a\u671f\u304a\u6383\u9664\u3001\u305d\u3057\u3066\u5e30\u56fd\u6642\u306e\u30ea\u30ce\u30d9\u30fc\u30b7\u30e7\u30f3\u30fb\u30ec\u30ce\u30d9\u30fc\u30b7\u30e7\u30f3\u30fb\u30cf\u30a6\u30b9\u30af\u30ea\u30fc\u30cb\u30f3\u30b0\u307e\u3067\uff01\u65e5\u672c\u4eba\u30b9\u30bf\u30c3\u30d5\u306b\u3088\u308b\u65e5\u672c\u306e\u30b5\u30fc\u30d3\u30b9\u3092\u304a\u5c4a\u3051\u3044\u305f\u3057\u307e\u3059\u3002\u304a\u898b\u7a4d\u308a\u30fb\u5185\u89a7\u304b\u3089\u3054\u6210\u7d04\u307e\u3067\u5168\u3066\u65e5\u672c\u8a9e\u3067\u5bfe\u5fdc\u53ef\u80fd\u3067\u3059\uff01","breadcrumb":{"@id":"https:\/\/umihausservice.eu\/de\/impressum\/#breadcrumb"},"inLanguage":"de","potentialAction":[{"@type":"ReadAction","target":["https:\/\/umihausservice.eu\/de\/impressum\/"]}]},{"@type":"ImageObject","inLanguage":"de","@id":"https:\/\/umihausservice.eu\/de\/impressum\/#primaryimage","url":"https:\/\/umihausservice.eu\/wp-content\/uploads\/4218498_m.jpg","contentUrl":"https:\/\/umihausservice.eu\/wp-content\/uploads\/4218498_m.jpg","width":1200,"height":801},{"@type":"BreadcrumbList","@id":"https:\/\/umihausservice.eu\/de\/impressum\/#breadcrumb","itemListElement":[{"@type":"ListItem","position":1,"name":"\u30db\u30fc\u30e0","item":"https:\/\/umihausservice.eu\/de\/"},{"@type":"ListItem","position":2,"name":"Impressum"}]},{"@type":"WebSite","@id":"https:\/\/umihausservice.eu\/#website","url":"https:\/\/umihausservice.eu\/","name":"Umi Haus Service","description":"\u30c7\u30e5\u30c3\u30bb\u30eb\u30c9\u30eb\u30d5\u3067\u304a\u90e8\u5c4b\u63a2\u3057","publisher":{"@id":"https:\/\/umihausservice.eu\/#organization"},"potentialAction":[{"@type":"SearchAction","target":{"@type":"EntryPoint","urlTemplate":"https:\/\/umihausservice.eu\/?s={search_term_string}"},"query-input":{"@type":"PropertyValueSpecification","valueRequired":true,"valueName":"search_term_string"}}],"inLanguage":"de"},{"@type":"Organization","@id":"https:\/\/umihausservice.eu\/#organization","name":"UmiHausService","url":"https:\/\/umihausservice.eu\/","logo":{"@type":"ImageObject","inLanguage":"de","@id":"https:\/\/umihausservice.eu\/#\/schema\/logo\/image\/","url":"https:\/\/umihausservice.eu\/wp-content\/uploads\/\u4e0d\u52d5\u7523\u30ed\u30b4_\u8272\u306a\u3057_\u900f\u904e\u6e08_\u67a0\u72ed-3.png","contentUrl":"https:\/\/umihausservice.eu\/wp-content\/uploads\/\u4e0d\u52d5\u7523\u30ed\u30b4_\u8272\u306a\u3057_\u900f\u904e\u6e08_\u67a0\u72ed-3.png","width":1077,"height":1000,"caption":"UmiHausService"},"image":{"@id":"https:\/\/umihausservice.eu\/#\/schema\/logo\/image\/"}}]}},"_links":{"self":[{"href":"https:\/\/umihausservice.eu\/wp-json\/wp\/v2\/pages\/2331","targetHints":{"allow":["GET"]}}],"collection":[{"href":"https:\/\/umihausservice.eu\/wp-json\/wp\/v2\/pages"}],"about":[{"href":"https:\/\/umihausservice.eu\/wp-json\/wp\/v2\/types\/page"}],"author":[{"embeddable":true,"href":"https:\/\/umihausservice.eu\/wp-json\/wp\/v2\/users\/2"}],"replies":[{"embeddable":true,"href":"https:\/\/umihausservice.eu\/wp-json\/wp\/v2\/comments?post=2331"}],"version-history":[{"count":6,"href":"https:\/\/umihausservice.eu\/wp-json\/wp\/v2\/pages\/2331\/revisions"}],"predecessor-version":[{"id":3072,"href":"https:\/\/umihausservice.eu\/wp-json\/wp\/v2\/pages\/2331\/revisions\/3072"}],"wp:attachment":[{"href":"https:\/\/umihausservice.eu\/wp-json\/wp\/v2\/media?parent=2331"}],"curies":[{"name":"wp","href":"https:\/\/api.w.org\/{rel}","templated":true}]}}