{"id":2369,"date":"2021-05-15T04:54:58","date_gmt":"2021-05-15T04:54:58","guid":{"rendered":"https:\/\/umihausservice.eu\/?page_id=2369"},"modified":"2022-06-30T08:55:23","modified_gmt":"2022-06-30T08:55:23","slug":"house_office_cleaning","status":"publish","type":"page","link":"https:\/\/umihausservice.eu\/de\/house_office_cleaning\/","title":{"rendered":"\u30cf\u30a6\u30b9\u30fb\u30aa\u30d5\u30a3\u30b9\u30af\u30ea\u30fc\u30cb\u30f3\u30b0"},"content":{"rendered":"\t\t<div data-elementor-type=\"wp-page\" data-elementor-id=\"2369\" class=\"elementor elementor-2369\" data-elementor-post-type=\"page\">\n\t\t\t\t\t\t<section class=\"elementor-section elementor-top-section elementor-element elementor-element-4048dea elementor-section-boxed elementor-section-height-default elementor-section-height-default jltma-glass-effect-no\" data-id=\"4048dea\" data-element_type=\"section\" data-e-type=\"section\">\n\t\t\t\t\t\t<div class=\"elementor-container elementor-column-gap-default\">\n\t\t\t\t\t<div class=\"elementor-column elementor-col-100 elementor-top-column elementor-element elementor-element-860414b jltma-glass-effect-no\" data-id=\"860414b\" data-element_type=\"column\" data-e-type=\"column\">\n\t\t\t<div class=\"elementor-widget-wrap elementor-element-populated\">\n\t\t\t\t\t\t<div class=\"elementor-element elementor-element-ae244bb jltma-glass-effect-no elementor-widget elementor-widget-spacer\" data-id=\"ae244bb\" data-element_type=\"widget\" data-e-type=\"widget\" data-widget_type=\"spacer.default\">\n\t\t\t\t<div class=\"elementor-widget-container\">\n\t\t\t\t\t\t\t<div class=\"elementor-spacer\">\n\t\t\t<div class=\"elementor-spacer-inner\"><\/div>\n\t\t<\/div>\n\t\t\t\t\t\t<\/div>\n\t\t\t\t<\/div>\n\t\t\t\t\t<\/div>\n\t\t<\/div>\n\t\t\t\t\t<\/div>\n\t\t<\/section>\n\t\t\t\t<section class=\"elementor-section elementor-top-section elementor-element elementor-element-08faf48 elementor-section-boxed elementor-section-height-default elementor-section-height-default jltma-glass-effect-no\" data-id=\"08faf48\" data-element_type=\"section\" data-e-type=\"section\">\n\t\t\t\t\t\t<div class=\"elementor-container elementor-column-gap-default\">\n\t\t\t\t\t<div class=\"elementor-column elementor-col-25 elementor-top-column elementor-element elementor-element-b692d9b jltma-glass-effect-no\" data-id=\"b692d9b\" data-element_type=\"column\" data-e-type=\"column\">\n\t\t\t<div class=\"elementor-widget-wrap elementor-element-populated\">\n\t\t\t\t\t\t<div class=\"elementor-element elementor-element-d3eb43f elementor-cta--skin-classic elementor-animated-content elementor-bg-transform elementor-bg-transform-zoom-in jltma-glass-effect-no elementor-widget elementor-widget-call-to-action\" data-id=\"d3eb43f\" data-element_type=\"widget\" data-e-type=\"widget\" data-widget_type=\"call-to-action.default\">\n\t\t\t\t<div class=\"elementor-widget-container\">\n\t\t\t\t\t\t\t<a class=\"elementor-cta\" href=\"https:\/\/umihausservice.eu\/housecleaning_spot\">\n\t\t\t\t\t<div class=\"elementor-cta__bg-wrapper\">\n\t\t\t\t<div class=\"elementor-cta__bg elementor-bg\" style=\"background-image: url(https:\/\/umihausservice.eu\/wp-content\/uploads\/4514711_m-1024x683.jpg);\" role=\"img\" aria-label=\"4514711_m\"><\/div>\n\t\t\t\t<div class=\"elementor-cta__bg-overlay\"><\/div>\n\t\t\t<\/div>\n\t\t\t\t\t\t\t<div class=\"elementor-cta__content\">\n\t\t\t\t\n\t\t\t\t\t\t\t\t\t<h2 class=\"elementor-cta__title elementor-cta__content-item elementor-content-item\">\n\t\t\t\t\t\tHausreinigung (einmalig, nur definierte Stellen)\t\t\t\t\t<\/h2>\n\t\t\t\t\n\t\t\t\t\t\t\t\t\t<div class=\"elementor-cta__description elementor-cta__content-item elementor-content-item\">\n\t\t\t\t\t\tSie wollen die \u00fcbliche Reinigung selbst durchf\u00fchren, aber Sie m\u00f6chten z.B. Kalk- und \u00d6lflecken reinigen lassen, an Stellen, die\nIhnen wichtig sind ... F\u00fcr Sie haben wir die passende L\u00f6sung mit unserem praktischen One-Shot-Hausreinigungsservice.\t\t\t\t\t<\/div>\n\t\t\t\t\n\t\t\t\t\t\t\t\t\t<div class=\"elementor-cta__button-wrapper elementor-cta__content-item elementor-content-item \">\n\t\t\t\t\t<span class=\"elementor-cta__button elementor-button elementor-size-\">\n\t\t\t\t\t\tClick here\t\t\t\t\t<\/span>\n\t\t\t\t\t<\/div>\n\t\t\t\t\t\t\t<\/div>\n\t\t\t\t\t\t<\/a>\n\t\t\t\t\t\t<\/div>\n\t\t\t\t<\/div>\n\t\t\t\t\t<\/div>\n\t\t<\/div>\n\t\t\t\t<div class=\"elementor-column elementor-col-25 elementor-top-column elementor-element elementor-element-2484293 jltma-glass-effect-no\" data-id=\"2484293\" data-element_type=\"column\" data-e-type=\"column\">\n\t\t\t<div class=\"elementor-widget-wrap elementor-element-populated\">\n\t\t\t\t\t\t<div class=\"elementor-element elementor-element-8e685ec elementor-cta--skin-classic elementor-animated-content elementor-bg-transform elementor-bg-transform-zoom-in jltma-glass-effect-no elementor-widget elementor-widget-call-to-action\" data-id=\"8e685ec\" data-element_type=\"widget\" data-e-type=\"widget\" data-widget_type=\"call-to-action.default\">\n\t\t\t\t<div class=\"elementor-widget-container\">\n\t\t\t\t\t\t\t<a class=\"elementor-cta\" href=\"https:\/\/umihausservice.eu\/housecleaning_regularly\">\n\t\t\t\t\t<div class=\"elementor-cta__bg-wrapper\">\n\t\t\t\t<div class=\"elementor-cta__bg elementor-bg\" style=\"background-image: url(https:\/\/umihausservice.eu\/wp-content\/uploads\/4479502_m-1024x684.jpg);\" role=\"img\" aria-label=\"4479502_m\"><\/div>\n\t\t\t\t<div class=\"elementor-cta__bg-overlay\"><\/div>\n\t\t\t<\/div>\n\t\t\t\t\t\t\t<div class=\"elementor-cta__content\">\n\t\t\t\t\n\t\t\t\t\t\t\t\t\t<h2 class=\"elementor-cta__title elementor-cta__content-item elementor-content-item\">\n\t\t\t\t\t\tHausreinigung (regelm\u00e4\u00dfig)\t\t\t\t\t<\/h2>\n\t\t\t\t\n\t\t\t\t\t\t\t\t\t<div class=\"elementor-cta__description elementor-cta__content-item elementor-content-item\">\n\t\t\t\t\t\tSie sind zu besch\u00e4ftigt in ihrer Arbeit oder mit der Erziehung ihrer\nKinder, um Ihre Wohnung immer sauber und aufger\u00e4umt zu halten?\nDann \u00fcberlassen Sie es doch einfach dem Umi Hausservice. Wir erstellen eine Planung, die Ihre Bed\u00fcrfnisse erf\u00fcllt, in mit Ihnen abgestimmten Intervallen.\t\t\t\t\t<\/div>\n\t\t\t\t\n\t\t\t\t\t\t\t\t\t<div class=\"elementor-cta__button-wrapper elementor-cta__content-item elementor-content-item \">\n\t\t\t\t\t<span class=\"elementor-cta__button elementor-button elementor-size-\">\n\t\t\t\t\t\tClick here\t\t\t\t\t<\/span>\n\t\t\t\t\t<\/div>\n\t\t\t\t\t\t\t<\/div>\n\t\t\t\t\t\t<\/a>\n\t\t\t\t\t\t<\/div>\n\t\t\t\t<\/div>\n\t\t\t\t\t<\/div>\n\t\t<\/div>\n\t\t\t\t<div class=\"elementor-column elementor-col-25 elementor-top-column elementor-element elementor-element-c54f2ea jltma-glass-effect-no\" data-id=\"c54f2ea\" data-element_type=\"column\" data-e-type=\"column\">\n\t\t\t<div class=\"elementor-widget-wrap elementor-element-populated\">\n\t\t\t\t\t\t<div class=\"elementor-element elementor-element-baa0250 elementor-cta--skin-classic elementor-animated-content elementor-bg-transform elementor-bg-transform-zoom-in jltma-glass-effect-no elementor-widget elementor-widget-call-to-action\" data-id=\"baa0250\" data-element_type=\"widget\" data-e-type=\"widget\" data-widget_type=\"call-to-action.default\">\n\t\t\t\t<div class=\"elementor-widget-container\">\n\t\t\t\t\t\t\t<a class=\"elementor-cta\" href=\"https:\/\/umihausservice.eu\/housecleaning_moving\">\n\t\t\t\t\t<div class=\"elementor-cta__bg-wrapper\">\n\t\t\t\t<div class=\"elementor-cta__bg elementor-bg\" style=\"background-image: url(https:\/\/umihausservice.eu\/wp-content\/uploads\/4717633_m-1024x683.jpg);\" role=\"img\" aria-label=\"4717633_m\"><\/div>\n\t\t\t\t<div class=\"elementor-cta__bg-overlay\"><\/div>\n\t\t\t<\/div>\n\t\t\t\t\t\t\t<div class=\"elementor-cta__content\">\n\t\t\t\t\n\t\t\t\t\t\t\t\t\t<h2 class=\"elementor-cta__title elementor-cta__content-item elementor-content-item\">\n\t\t\t\t\t\tHausreinigung beim Umzug\t\t\t\t\t<\/h2>\n\t\t\t\t\n\t\t\t\t\t\t\t\t\t<div class=\"elementor-cta__description elementor-cta__content-item elementor-content-item\">\n\t\t\t\t\t\tWir bieten Ihnen die gesamte Hausreinigung f\u00fcr den Umzug und die R\u00fcckkehr nach Japan! Wir helfen Ihnen beim reibungslosen Auszug mit einer sorgf\u00e4ltigen und effizienten Reinigung, die Probleme vermeidet, die zu\nKonflikten mit dem Eigent\u00fcmer f\u00fchren k\u00f6nnten.\t\t\t\t\t<\/div>\n\t\t\t\t\n\t\t\t\t\t\t\t\t\t<div class=\"elementor-cta__button-wrapper elementor-cta__content-item elementor-content-item \">\n\t\t\t\t\t<span class=\"elementor-cta__button elementor-button elementor-size-\">\n\t\t\t\t\t\tClick here\t\t\t\t\t<\/span>\n\t\t\t\t\t<\/div>\n\t\t\t\t\t\t\t<\/div>\n\t\t\t\t\t\t<\/a>\n\t\t\t\t\t\t<\/div>\n\t\t\t\t<\/div>\n\t\t\t\t\t<\/div>\n\t\t<\/div>\n\t\t\t\t<div class=\"elementor-column elementor-col-25 elementor-top-column elementor-element elementor-element-40750d4 jltma-glass-effect-no\" data-id=\"40750d4\" data-element_type=\"column\" data-e-type=\"column\">\n\t\t\t<div class=\"elementor-widget-wrap elementor-element-populated\">\n\t\t\t\t\t\t<div class=\"elementor-element elementor-element-f12a2dd elementor-cta--skin-classic elementor-animated-content elementor-bg-transform elementor-bg-transform-zoom-in jltma-glass-effect-no elementor-widget elementor-widget-call-to-action\" data-id=\"f12a2dd\" data-element_type=\"widget\" data-e-type=\"widget\" data-widget_type=\"call-to-action.default\">\n\t\t\t\t<div class=\"elementor-widget-container\">\n\t\t\t\t\t\t\t<a class=\"elementor-cta\" href=\"https:\/\/umihausservice.eu\/office_cleaning\">\n\t\t\t\t\t<div class=\"elementor-cta__bg-wrapper\">\n\t\t\t\t<div class=\"elementor-cta__bg elementor-bg\" style=\"background-image: url(https:\/\/umihausservice.eu\/wp-content\/uploads\/4036976_s.jpg);\" role=\"img\" aria-label=\"4036976_s\"><\/div>\n\t\t\t\t<div class=\"elementor-cta__bg-overlay\"><\/div>\n\t\t\t<\/div>\n\t\t\t\t\t\t\t<div class=\"elementor-cta__content\">\n\t\t\t\t\n\t\t\t\t\t\t\t\t\t<h2 class=\"elementor-cta__title elementor-cta__content-item elementor-content-item\">\n\t\t\t\t\t\tB\u00fcroreinigung\t\t\t\t\t<\/h2>\n\t\t\t\t\n\t\t\t\t\t\t\t\t\t<div class=\"elementor-cta__description elementor-cta__content-item elementor-content-item\">\n\t\t\t\t\t\tSie m\u00f6chten, B\u00fcror\u00e4ume reinigen lassen, aber Sie machen sich\nSorgen wegen der wichtigen Daten und Dokumente? ... \u00dcberlassen \nSie es uns, der Umi Hausservice. In sorgf\u00e4ltigen Gespr\u00e4chen stellen wir Ihnen besonders zuverl\u00e4ssige japanische Mitarbeiter vor, die wir bereits lange kennen und auf deren Seriosit\u00e4t wir vertrauen k\u00f6nnen.\t\t\t\t\t<\/div>\n\t\t\t\t\n\t\t\t\t\t\t\t\t\t<div class=\"elementor-cta__button-wrapper elementor-cta__content-item elementor-content-item \">\n\t\t\t\t\t<span class=\"elementor-cta__button elementor-button elementor-size-\">\n\t\t\t\t\t\tClick here\t\t\t\t\t<\/span>\n\t\t\t\t\t<\/div>\n\t\t\t\t\t\t\t<\/div>\n\t\t\t\t\t\t<\/a>\n\t\t\t\t\t\t<\/div>\n\t\t\t\t<\/div>\n\t\t\t\t\t<\/div>\n\t\t<\/div>\n\t\t\t\t\t<\/div>\n\t\t<\/section>\n\t\t\t\t<\/div>\n\t\t","protected":false},"excerpt":{"rendered":"<p>Hausreinigung (einmalig, nur definierte Stellen) Sie wollen die \u00fcbliche Reinigung selbst durchf\u00fchren, aber Sie m\u00f6chten z.B. Kalk- und \u00d6lflecken reinigen lassen, an Stellen, die Ihnen wichtig sind &#8230; F\u00fcr Sie [&hellip;]<\/p>\n","protected":false},"author":2,"featured_media":0,"parent":0,"menu_order":0,"comment_status":"closed","ping_status":"closed","template":"","meta":{"site-sidebar-layout":"no-sidebar","site-content-layout":"page-builder","ast-site-content-layout":"default","site-content-style":"default","site-sidebar-style":"default","ast-global-header-display":"","ast-banner-title-visibility":"","ast-main-header-display":"","ast-hfb-above-header-display":"","ast-hfb-below-header-display":"","ast-hfb-mobile-header-display":"","site-post-title":"disabled","ast-breadcrumbs-content":"","ast-featured-img":"disabled","footer-sml-layout":"","ast-disable-related-posts":"","theme-transparent-header-meta":"default","adv-header-id-meta":"","stick-header-meta":"","header-above-stick-meta":"","header-main-stick-meta":"","header-below-stick-meta":"","astra-migrate-meta-layouts":"default","ast-page-background-enabled":"default","ast-page-background-meta":{"desktop":{"background-color":"","background-image":"","background-repeat":"repeat","background-position":"center center","background-size":"auto","background-attachment":"scroll","background-type":"","background-media":"","overlay-type":"","overlay-color":"","overlay-opacity":"","overlay-gradient":""},"tablet":{"background-color":"","background-image":"","background-repeat":"repeat","background-position":"center center","background-size":"auto","background-attachment":"scroll","background-type":"","background-media":"","overlay-type":"","overlay-color":"","overlay-opacity":"","overlay-gradient":""},"mobile":{"background-color":"","background-image":"","background-repeat":"repeat","background-position":"center center","background-size":"auto","background-attachment":"scroll","background-type":"","background-media":"","overlay-type":"","overlay-color":"","overlay-opacity":"","overlay-gradient":""}},"ast-content-background-meta":{"desktop":{"background-color":"var(--ast-global-color-5)","background-image":"","background-repeat":"repeat","background-position":"center center","background-size":"auto","background-attachment":"scroll","background-type":"","background-media":"","overlay-type":"","overlay-color":"","overlay-opacity":"","overlay-gradient":""},"tablet":{"background-color":"var(--ast-global-color-5)","background-image":"","background-repeat":"repeat","background-position":"center center","background-size":"auto","background-attachment":"scroll","background-type":"","background-media":"","overlay-type":"","overlay-color":"","overlay-opacity":"","overlay-gradient":""},"mobile":{"background-color":"var(--ast-global-color-5)","background-image":"","background-repeat":"repeat","background-position":"center center","background-size":"auto","background-attachment":"scroll","background-type":"","background-media":"","overlay-type":"","overlay-color":"","overlay-opacity":"","overlay-gradient":""}},"_locale":"de_DE","_original_post":"https:\/\/umihausservice.eu\/?page_id=147","footnotes":""},"class_list":["post-2369","page","type-page","status-publish","hentry","de-DE"],"yoast_head":"<!-- This site is optimized with the Yoast SEO plugin v27.5 - https:\/\/yoast.com\/product\/yoast-seo-wordpress\/ -->\n<title>\u30cf\u30a6\u30b9\u30fb\u30aa\u30d5\u30a3\u30b9\u30af\u30ea\u30fc\u30cb\u30f3\u30b0 - Umi Haus Service<\/title>\n<meta name=\"description\" content=\"\u30c7\u30e5\u30c3\u30bb\u30eb\u30c9\u30eb\u30d5\u306b\u3066\u3001\u65e5\u672c\u4eba\u30b9\u30bf\u30c3\u30d5\u306b\u3088\u308b\u304a\u5bb6\u307e\u305f\u306f\u8077\u5834\u306e\u30af\u30ea\u30fc\u30cb\u30f3\u30b0\u30b5\u30fc\u30d3\u30b9\u3092\u63d0\u4f9b\u3057\u3066\u3044\u307e\u3059\u3002\u5168\u3066\u65e5\u672c\u8a9e\u3067\u5bfe\u5fdcOK\uff01\" \/>\n<meta name=\"robots\" content=\"index, follow, max-snippet:-1, max-image-preview:large, max-video-preview:-1\" \/>\n<link rel=\"canonical\" href=\"https:\/\/umihausservice.eu\/de\/house_office_cleaning\/\" \/>\n<meta property=\"og:locale\" content=\"de_DE\" \/>\n<meta property=\"og:type\" content=\"article\" \/>\n<meta property=\"og:title\" content=\"\u30cf\u30a6\u30b9\u30fb\u30aa\u30d5\u30a3\u30b9\u30af\u30ea\u30fc\u30cb\u30f3\u30b0 - Umi Haus Service\" \/>\n<meta property=\"og:description\" content=\"\u30c7\u30e5\u30c3\u30bb\u30eb\u30c9\u30eb\u30d5\u306b\u3066\u3001\u65e5\u672c\u4eba\u30b9\u30bf\u30c3\u30d5\u306b\u3088\u308b\u304a\u5bb6\u307e\u305f\u306f\u8077\u5834\u306e\u30af\u30ea\u30fc\u30cb\u30f3\u30b0\u30b5\u30fc\u30d3\u30b9\u3092\u63d0\u4f9b\u3057\u3066\u3044\u307e\u3059\u3002\u5168\u3066\u65e5\u672c\u8a9e\u3067\u5bfe\u5fdcOK\uff01\" \/>\n<meta property=\"og:url\" content=\"https:\/\/umihausservice.eu\/de\/house_office_cleaning\/\" \/>\n<meta property=\"og:site_name\" content=\"Umi Haus Service\" \/>\n<meta property=\"article:modified_time\" content=\"2022-06-30T08:55:23+00:00\" \/>\n<meta name=\"twitter:card\" content=\"summary_large_image\" \/>\n<meta name=\"twitter:label1\" content=\"Gesch\u00e4tzte Lesezeit\" \/>\n\t<meta name=\"twitter:data1\" content=\"3\u00a0Minuten\" \/>\n<script type=\"application\/ld+json\" class=\"yoast-schema-graph\">{\"@context\":\"https:\\\/\\\/schema.org\",\"@graph\":[{\"@type\":\"WebPage\",\"@id\":\"https:\\\/\\\/umihausservice.eu\\\/de\\\/house_office_cleaning\\\/\",\"url\":\"https:\\\/\\\/umihausservice.eu\\\/de\\\/house_office_cleaning\\\/\",\"name\":\"\u30cf\u30a6\u30b9\u30fb\u30aa\u30d5\u30a3\u30b9\u30af\u30ea\u30fc\u30cb\u30f3\u30b0 - Umi Haus Service\",\"isPartOf\":{\"@id\":\"https:\\\/\\\/umihausservice.eu\\\/#website\"},\"datePublished\":\"2021-05-15T04:54:58+00:00\",\"dateModified\":\"2022-06-30T08:55:23+00:00\",\"description\":\"\u30c7\u30e5\u30c3\u30bb\u30eb\u30c9\u30eb\u30d5\u306b\u3066\u3001\u65e5\u672c\u4eba\u30b9\u30bf\u30c3\u30d5\u306b\u3088\u308b\u304a\u5bb6\u307e\u305f\u306f\u8077\u5834\u306e\u30af\u30ea\u30fc\u30cb\u30f3\u30b0\u30b5\u30fc\u30d3\u30b9\u3092\u63d0\u4f9b\u3057\u3066\u3044\u307e\u3059\u3002\u5168\u3066\u65e5\u672c\u8a9e\u3067\u5bfe\u5fdcOK\uff01\",\"breadcrumb\":{\"@id\":\"https:\\\/\\\/umihausservice.eu\\\/de\\\/house_office_cleaning\\\/#breadcrumb\"},\"inLanguage\":\"de\",\"potentialAction\":[{\"@type\":\"ReadAction\",\"target\":[\"https:\\\/\\\/umihausservice.eu\\\/de\\\/house_office_cleaning\\\/\"]}]},{\"@type\":\"BreadcrumbList\",\"@id\":\"https:\\\/\\\/umihausservice.eu\\\/de\\\/house_office_cleaning\\\/#breadcrumb\",\"itemListElement\":[{\"@type\":\"ListItem\",\"position\":1,\"name\":\"\u30db\u30fc\u30e0\",\"item\":\"https:\\\/\\\/umihausservice.eu\\\/de\\\/\"},{\"@type\":\"ListItem\",\"position\":2,\"name\":\"\u30cf\u30a6\u30b9\u30fb\u30aa\u30d5\u30a3\u30b9\u30af\u30ea\u30fc\u30cb\u30f3\u30b0\"}]},{\"@type\":\"WebSite\",\"@id\":\"https:\\\/\\\/umihausservice.eu\\\/#website\",\"url\":\"https:\\\/\\\/umihausservice.eu\\\/\",\"name\":\"Umi Haus Service\",\"description\":\"\u30c7\u30e5\u30c3\u30bb\u30eb\u30c9\u30eb\u30d5\u3067\u304a\u90e8\u5c4b\u63a2\u3057\",\"publisher\":{\"@id\":\"https:\\\/\\\/umihausservice.eu\\\/#organization\"},\"potentialAction\":[{\"@type\":\"SearchAction\",\"target\":{\"@type\":\"EntryPoint\",\"urlTemplate\":\"https:\\\/\\\/umihausservice.eu\\\/?s={search_term_string}\"},\"query-input\":{\"@type\":\"PropertyValueSpecification\",\"valueRequired\":true,\"valueName\":\"search_term_string\"}}],\"inLanguage\":\"de\"},{\"@type\":\"Organization\",\"@id\":\"https:\\\/\\\/umihausservice.eu\\\/#organization\",\"name\":\"UmiHausService\",\"url\":\"https:\\\/\\\/umihausservice.eu\\\/\",\"logo\":{\"@type\":\"ImageObject\",\"inLanguage\":\"de\",\"@id\":\"https:\\\/\\\/umihausservice.eu\\\/#\\\/schema\\\/logo\\\/image\\\/\",\"url\":\"https:\\\/\\\/umihausservice.eu\\\/wp-content\\\/uploads\\\/\u4e0d\u52d5\u7523\u30ed\u30b4_\u8272\u306a\u3057_\u900f\u904e\u6e08_\u67a0\u72ed-3.png\",\"contentUrl\":\"https:\\\/\\\/umihausservice.eu\\\/wp-content\\\/uploads\\\/\u4e0d\u52d5\u7523\u30ed\u30b4_\u8272\u306a\u3057_\u900f\u904e\u6e08_\u67a0\u72ed-3.png\",\"width\":1077,\"height\":1000,\"caption\":\"UmiHausService\"},\"image\":{\"@id\":\"https:\\\/\\\/umihausservice.eu\\\/#\\\/schema\\\/logo\\\/image\\\/\"}}]}<\/script>\n<!-- \/ Yoast SEO plugin. -->","yoast_head_json":{"title":"\u30cf\u30a6\u30b9\u30fb\u30aa\u30d5\u30a3\u30b9\u30af\u30ea\u30fc\u30cb\u30f3\u30b0 - Umi Haus Service","description":"\u30c7\u30e5\u30c3\u30bb\u30eb\u30c9\u30eb\u30d5\u306b\u3066\u3001\u65e5\u672c\u4eba\u30b9\u30bf\u30c3\u30d5\u306b\u3088\u308b\u304a\u5bb6\u307e\u305f\u306f\u8077\u5834\u306e\u30af\u30ea\u30fc\u30cb\u30f3\u30b0\u30b5\u30fc\u30d3\u30b9\u3092\u63d0\u4f9b\u3057\u3066\u3044\u307e\u3059\u3002\u5168\u3066\u65e5\u672c\u8a9e\u3067\u5bfe\u5fdcOK\uff01","robots":{"index":"index","follow":"follow","max-snippet":"max-snippet:-1","max-image-preview":"max-image-preview:large","max-video-preview":"max-video-preview:-1"},"canonical":"https:\/\/umihausservice.eu\/de\/house_office_cleaning\/","og_locale":"de_DE","og_type":"article","og_title":"\u30cf\u30a6\u30b9\u30fb\u30aa\u30d5\u30a3\u30b9\u30af\u30ea\u30fc\u30cb\u30f3\u30b0 - Umi Haus Service","og_description":"\u30c7\u30e5\u30c3\u30bb\u30eb\u30c9\u30eb\u30d5\u306b\u3066\u3001\u65e5\u672c\u4eba\u30b9\u30bf\u30c3\u30d5\u306b\u3088\u308b\u304a\u5bb6\u307e\u305f\u306f\u8077\u5834\u306e\u30af\u30ea\u30fc\u30cb\u30f3\u30b0\u30b5\u30fc\u30d3\u30b9\u3092\u63d0\u4f9b\u3057\u3066\u3044\u307e\u3059\u3002\u5168\u3066\u65e5\u672c\u8a9e\u3067\u5bfe\u5fdcOK\uff01","og_url":"https:\/\/umihausservice.eu\/de\/house_office_cleaning\/","og_site_name":"Umi Haus Service","article_modified_time":"2022-06-30T08:55:23+00:00","twitter_card":"summary_large_image","twitter_misc":{"Gesch\u00e4tzte Lesezeit":"3\u00a0Minuten"},"schema":{"@context":"https:\/\/schema.org","@graph":[{"@type":"WebPage","@id":"https:\/\/umihausservice.eu\/de\/house_office_cleaning\/","url":"https:\/\/umihausservice.eu\/de\/house_office_cleaning\/","name":"\u30cf\u30a6\u30b9\u30fb\u30aa\u30d5\u30a3\u30b9\u30af\u30ea\u30fc\u30cb\u30f3\u30b0 - Umi Haus Service","isPartOf":{"@id":"https:\/\/umihausservice.eu\/#website"},"datePublished":"2021-05-15T04:54:58+00:00","dateModified":"2022-06-30T08:55:23+00:00","description":"\u30c7\u30e5\u30c3\u30bb\u30eb\u30c9\u30eb\u30d5\u306b\u3066\u3001\u65e5\u672c\u4eba\u30b9\u30bf\u30c3\u30d5\u306b\u3088\u308b\u304a\u5bb6\u307e\u305f\u306f\u8077\u5834\u306e\u30af\u30ea\u30fc\u30cb\u30f3\u30b0\u30b5\u30fc\u30d3\u30b9\u3092\u63d0\u4f9b\u3057\u3066\u3044\u307e\u3059\u3002\u5168\u3066\u65e5\u672c\u8a9e\u3067\u5bfe\u5fdcOK\uff01","breadcrumb":{"@id":"https:\/\/umihausservice.eu\/de\/house_office_cleaning\/#breadcrumb"},"inLanguage":"de","potentialAction":[{"@type":"ReadAction","target":["https:\/\/umihausservice.eu\/de\/house_office_cleaning\/"]}]},{"@type":"BreadcrumbList","@id":"https:\/\/umihausservice.eu\/de\/house_office_cleaning\/#breadcrumb","itemListElement":[{"@type":"ListItem","position":1,"name":"\u30db\u30fc\u30e0","item":"https:\/\/umihausservice.eu\/de\/"},{"@type":"ListItem","position":2,"name":"\u30cf\u30a6\u30b9\u30fb\u30aa\u30d5\u30a3\u30b9\u30af\u30ea\u30fc\u30cb\u30f3\u30b0"}]},{"@type":"WebSite","@id":"https:\/\/umihausservice.eu\/#website","url":"https:\/\/umihausservice.eu\/","name":"Umi Haus Service","description":"\u30c7\u30e5\u30c3\u30bb\u30eb\u30c9\u30eb\u30d5\u3067\u304a\u90e8\u5c4b\u63a2\u3057","publisher":{"@id":"https:\/\/umihausservice.eu\/#organization"},"potentialAction":[{"@type":"SearchAction","target":{"@type":"EntryPoint","urlTemplate":"https:\/\/umihausservice.eu\/?s={search_term_string}"},"query-input":{"@type":"PropertyValueSpecification","valueRequired":true,"valueName":"search_term_string"}}],"inLanguage":"de"},{"@type":"Organization","@id":"https:\/\/umihausservice.eu\/#organization","name":"UmiHausService","url":"https:\/\/umihausservice.eu\/","logo":{"@type":"ImageObject","inLanguage":"de","@id":"https:\/\/umihausservice.eu\/#\/schema\/logo\/image\/","url":"https:\/\/umihausservice.eu\/wp-content\/uploads\/\u4e0d\u52d5\u7523\u30ed\u30b4_\u8272\u306a\u3057_\u900f\u904e\u6e08_\u67a0\u72ed-3.png","contentUrl":"https:\/\/umihausservice.eu\/wp-content\/uploads\/\u4e0d\u52d5\u7523\u30ed\u30b4_\u8272\u306a\u3057_\u900f\u904e\u6e08_\u67a0\u72ed-3.png","width":1077,"height":1000,"caption":"UmiHausService"},"image":{"@id":"https:\/\/umihausservice.eu\/#\/schema\/logo\/image\/"}}]}},"_links":{"self":[{"href":"https:\/\/umihausservice.eu\/wp-json\/wp\/v2\/pages\/2369","targetHints":{"allow":["GET"]}}],"collection":[{"href":"https:\/\/umihausservice.eu\/wp-json\/wp\/v2\/pages"}],"about":[{"href":"https:\/\/umihausservice.eu\/wp-json\/wp\/v2\/types\/page"}],"author":[{"embeddable":true,"href":"https:\/\/umihausservice.eu\/wp-json\/wp\/v2\/users\/2"}],"replies":[{"embeddable":true,"href":"https:\/\/umihausservice.eu\/wp-json\/wp\/v2\/comments?post=2369"}],"version-history":[{"count":10,"href":"https:\/\/umihausservice.eu\/wp-json\/wp\/v2\/pages\/2369\/revisions"}],"predecessor-version":[{"id":3143,"href":"https:\/\/umihausservice.eu\/wp-json\/wp\/v2\/pages\/2369\/revisions\/3143"}],"wp:attachment":[{"href":"https:\/\/umihausservice.eu\/wp-json\/wp\/v2\/media?parent=2369"}],"curies":[{"name":"wp","href":"https:\/\/api.w.org\/{rel}","templated":true}]}}